
{"id":17341,"date":"2024-03-11T23:32:28","date_gmt":"2024-03-11T23:32:28","guid":{"rendered":"https:\/\/szkolazlasu.pl\/produkt\/debora\/"},"modified":"2024-05-08T05:40:11","modified_gmt":"2024-05-08T05:40:11","slug":"debora","status":"publish","type":"product","link":"https:\/\/szkolazlasu.pl\/en\/produkt\/debora\/","title":{"rendered":"Debora"},"content":{"rendered":"<h3 class=\"\">Joszko Broda \u201eDebora\u201d \u2013 2013<\/h3>\n<div class=\"akordeon down\">\n<div class=\"wstep\">\n<p class=\"\">I wanted to play them as someone who lives in 2013 and not in the 19th century. Moja rodzina mieszka w polskich g\u00f3rach od XIV wieku. It&#8217;s a lot to come up with some good themes. In addition to sheep farming and cloth production, my ancestors were also involved in music. For hundreds of years of our family&#8217;s history, the Polish blues &#8211; the Carpathian blues &#8211; was born in Lipowiec, and since the Carpathians, I also played songs from Slovakia, the Czech Republic, Serbia and Hungary on the album. This is my cultural circle, which starts in my home villages (Istebna, Lipowiec) and ends in Turkey.<\/p>\n<\/div>\n<div class=\"reszta poka\">\n<p class=\"\">In music, I am interested in sound, form and dialogue, which is why I have invited performers with whom I have a musical understanding. Wojciech Waglewski and Dima Gorelik &#8211; two guitarists who bridge East and West, Marcin Pospieszalski and Micha\u0142 Bara\u0144ski &#8211; water and fire. Special guests Gra\u017cyna Augu\u015bcik and Adam Ba\u0142dych. Of course, there was no shortage of highlanders (Jan Trebunia -Tutka and my sister and friends from Istebna). Percussionist Frank Parker from the USA and Szabolc R\u00f3ka, a bagpiper from Hungary, and Michal Lorenc also contributed to the recording.<\/p>\n<p class=\"\">In the recording of the album, we used exotic instrumentation such as acoustic and electric guitar, bass guitar, drums, violin and keyboards, as well as the more standard ones: drumla, salsa pipe, salsa trumpet, pipes, fasting pipe, ocarina, leaf, shofar, horn, eight-string bagpipe or Hungarian viola.<\/p>\n<p class=\"\">I am fascinated by the world of ethnic music in original indigenous performances, jazz and blues, but I made this record so that my wife could listen to something too.<\/p>\n<\/div>\n<\/div>\n","protected":false},"excerpt":{"rendered":"<p class=\"\">Joszko Broda on the album &#8216;Debora&#8217;: By recording the album I intended to win the heart of my wife, who likes it when I play. I&#8217;m a highlander, so the musical themes are mainly songs I grew up on, performed in my village for centuries.<\/p>\n","protected":false},"featured_media":17661,"comment_status":"closed","ping_status":"closed","template":"","meta":{"_acf_changed":false},"product_brand":[],"product_cat":[104,103],"product_tag":[],"class_list":{"0":"post-17341","1":"product","2":"type-product","3":"status-publish","4":"has-post-thumbnail","6":"product_cat-cds","7":"product_cat-physical-products","9":"first","10":"instock","11":"taxable","12":"shipping-taxable","13":"purchasable","14":"product-type-simple"},"acf":[],"_links":{"self":[{"href":"https:\/\/szkolazlasu.pl\/en\/wp-json\/wp\/v2\/product\/17341","targetHints":{"allow":["GET"]}}],"collection":[{"href":"https:\/\/szkolazlasu.pl\/en\/wp-json\/wp\/v2\/product"}],"about":[{"href":"https:\/\/szkolazlasu.pl\/en\/wp-json\/wp\/v2\/types\/product"}],"replies":[{"embeddable":true,"href":"https:\/\/szkolazlasu.pl\/en\/wp-json\/wp\/v2\/comments?post=17341"}],"wp:featuredmedia":[{"embeddable":true,"href":"https:\/\/szkolazlasu.pl\/en\/wp-json\/wp\/v2\/media\/17661"}],"wp:attachment":[{"href":"https:\/\/szkolazlasu.pl\/en\/wp-json\/wp\/v2\/media?parent=17341"}],"wp:term":[{"taxonomy":"product_brand","embeddable":true,"href":"https:\/\/szkolazlasu.pl\/en\/wp-json\/wp\/v2\/product_brand?post=17341"},{"taxonomy":"product_cat","embeddable":true,"href":"https:\/\/szkolazlasu.pl\/en\/wp-json\/wp\/v2\/product_cat?post=17341"},{"taxonomy":"product_tag","embeddable":true,"href":"https:\/\/szkolazlasu.pl\/en\/wp-json\/wp\/v2\/product_tag?post=17341"}],"curies":[{"name":"wp","href":"https:\/\/api.w.org\/{rel}","templated":true}]}}