
{"id":17335,"date":"2024-03-11T22:51:25","date_gmt":"2024-03-11T22:51:25","guid":{"rendered":"https:\/\/szkolazlasu.pl\/produkt\/hello-hello-children-of-europe\/"},"modified":"2024-05-08T05:41:08","modified_gmt":"2024-05-08T05:41:08","slug":"hello-hello-children-of-europe","status":"publish","type":"product","link":"https:\/\/szkolazlasu.pl\/en\/produkt\/hello-hello-children-of-europe\/","title":{"rendered":"Hello hello Children of Europe"},"content":{"rendered":"<div class=\"\">\n<h3 class=\"\">Halo Halo \u2013 2003<\/h3>\n<p class=\"\">\n              <i class=\"\">music: Joszko Broda; lyrics: Debora Broda;<\/i>\n            <\/p>\n<p class=\"\">The Beard children are supported in their singing by peers coming from all over the world. The album owes its pulsating energy and joyful spontaneity also to the meeting of outstanding Polish and Hungarian musicians, as it features multi-instrumentalist Joszko Broda, guitarist Wojciech Waglewski, flamenco guitarist Andrzej Lewocki, double bassist P\u00e1l Havasr\u00e9ti, viola player Gy\u00f6rgy L\u00e1nyi, and dulcimer player K\u00e1lm\u00e1n G\u00e1sp\u00e1r. The guest of honour on the &#8216;Halo Halo Children of Europe&#8217; album is Stanislaw St\u0119pniak, a respected performer of mazurkas and obereks, who played the Polish three-row harmony and added a unique flavour of ethnic music to the album. Music videos were filmed for two songs &#8211; &#8216;Halo, halo&#8217;, and &#8216;Hey ruku andi&#8217;. The second of these, directed by Marcin Switalski, won first prize at the Yach Film 2004 Festival of Polish Music Videos in the category Little Johnny.<\/p>\n<\/p><\/div>\n","protected":false},"excerpt":{"rendered":"<p class=\"\">One album, but sung in eleven languages, inspired by the melodies of many far-flung corners of Europe. Whether in Spanish and to the rhythm of flamenco, French and accompanied by an accordion, or perhaps cymbals and a hopping Hungarian dance &#8211; regardless of the &#8216;country of origin&#8217;, every song on this album draws attention to the need for kindness and describes the priceless beauty of friendship, which is not afraid of any borders, including political ones.<\/p>\n","protected":false},"featured_media":17669,"comment_status":"closed","ping_status":"closed","template":"","meta":{"_acf_changed":false},"product_brand":[],"product_cat":[101,102],"product_tag":[],"class_list":{"0":"post-17335","1":"product","2":"type-product","3":"status-publish","4":"has-post-thumbnail","6":"product_cat-digital-products","7":"product_cat-mp3-records","9":"first","10":"instock","11":"downloadable","12":"virtual","13":"taxable","14":"purchasable","15":"product-type-simple"},"acf":[],"_links":{"self":[{"href":"https:\/\/szkolazlasu.pl\/en\/wp-json\/wp\/v2\/product\/17335","targetHints":{"allow":["GET"]}}],"collection":[{"href":"https:\/\/szkolazlasu.pl\/en\/wp-json\/wp\/v2\/product"}],"about":[{"href":"https:\/\/szkolazlasu.pl\/en\/wp-json\/wp\/v2\/types\/product"}],"replies":[{"embeddable":true,"href":"https:\/\/szkolazlasu.pl\/en\/wp-json\/wp\/v2\/comments?post=17335"}],"wp:featuredmedia":[{"embeddable":true,"href":"https:\/\/szkolazlasu.pl\/en\/wp-json\/wp\/v2\/media\/17669"}],"wp:attachment":[{"href":"https:\/\/szkolazlasu.pl\/en\/wp-json\/wp\/v2\/media?parent=17335"}],"wp:term":[{"taxonomy":"product_brand","embeddable":true,"href":"https:\/\/szkolazlasu.pl\/en\/wp-json\/wp\/v2\/product_brand?post=17335"},{"taxonomy":"product_cat","embeddable":true,"href":"https:\/\/szkolazlasu.pl\/en\/wp-json\/wp\/v2\/product_cat?post=17335"},{"taxonomy":"product_tag","embeddable":true,"href":"https:\/\/szkolazlasu.pl\/en\/wp-json\/wp\/v2\/product_tag?post=17335"}],"curies":[{"name":"wp","href":"https:\/\/api.w.org\/{rel}","templated":true}]}}