
{"id":17294,"date":"2024-03-11T23:53:00","date_gmt":"2024-03-11T23:53:00","guid":{"rendered":"https:\/\/szkolazlasu.pl\/produkt\/na-dunaj-koledy-ze-wschodu\/"},"modified":"2024-05-08T05:39:06","modified_gmt":"2024-05-08T05:39:06","slug":"na-dunaj-koledy-ze-wschodu","status":"publish","type":"product","link":"https:\/\/szkolazlasu.pl\/en\/produkt\/na-dunaj-koledy-ze-wschodu\/","title":{"rendered":"Na Dunaj Kol\u0119dy ze Wschodu"},"content":{"rendered":"<h3 class=\"\">Na Dunaj kol\u0119dy ze wschodu \u2013 2008<\/h3>\n<div class=\"akordeon down\">\n<div class=\"wstep\">\n<p class=\"\">The CD contains carols and carol songs excavated from the Ethnolinguistic Archive of the Maria Curie-Sk\u0142odowska University &#8211; there are both authentic performances of these carols (sung, among others, by residents of Lublin Region born in the 19th century!) and contemporary arrangements of them, performed by children (also residents of Lublin Region, but the youngest of their generation) under the direction of Joszek Broda. Translated with DeepL.com (free version)<\/p>\n<\/div>\n<div class=\"reszta poka\">\n<p class=\"\">In the words of Professor Jerzy Bartmi\u0144ski, an outstanding linguist and folklorist, thanks to whom it was possible to publish the album: &#8220;Thus, it is both a document of traditional regional singing and a record of new performances, and as a whole, an attempt to revive a certain part of the cultural heritage of the Lublin region. Young performers return to the traditions of their small homelands and together try to save from oblivion a musical and song repertoire that is rare in the whole of Poland, but extremely valuable&#8221;.<\/p>\n<p class=\"\">The album had its radio premiere during a promotional concert in Studio im. Lutos\u0142awski in Warsaw &#8211; the concert was broadcast live on Polish Radio 2.<\/p>\n<\/div>\n<\/div>\n","protected":false},"excerpt":{"rendered":"<p class=\"\">The fourth album in the Bearded Children&#8217;s output is a special event. The recording of the album was preceded by a casting, in which 12,000 children from the Lublin region took part. The instruments are played by outstanding musicians &#8211; Wojciech Waglewski (guitar), Marcin Pospieszalski (double bass, bass guitar), Piotr &#8220;Stopa&#8221; \u017by\u017celewicz (drums), Cezary Paciorek (accordion) and Hungarian R\u00f3ca Szabolcs (eight-stringed bagpipe). But most importantly, the album is the result of a collaboration between musicians and scientists &#8211; the first event of its kind in the history of Polish phonography.<\/p>\n","protected":false},"featured_media":17655,"comment_status":"closed","ping_status":"closed","template":"","meta":{"_acf_changed":false},"product_brand":[],"product_cat":[101,102],"product_tag":[],"class_list":{"0":"post-17294","1":"product","2":"type-product","3":"status-publish","4":"has-post-thumbnail","6":"product_cat-digital-products","7":"product_cat-mp3-records","9":"first","10":"instock","11":"taxable","12":"shipping-taxable","13":"purchasable","14":"product-type-variable","15":"has-default-attributes"},"acf":[],"_links":{"self":[{"href":"https:\/\/szkolazlasu.pl\/en\/wp-json\/wp\/v2\/product\/17294","targetHints":{"allow":["GET"]}}],"collection":[{"href":"https:\/\/szkolazlasu.pl\/en\/wp-json\/wp\/v2\/product"}],"about":[{"href":"https:\/\/szkolazlasu.pl\/en\/wp-json\/wp\/v2\/types\/product"}],"replies":[{"embeddable":true,"href":"https:\/\/szkolazlasu.pl\/en\/wp-json\/wp\/v2\/comments?post=17294"}],"wp:featuredmedia":[{"embeddable":true,"href":"https:\/\/szkolazlasu.pl\/en\/wp-json\/wp\/v2\/media\/17655"}],"wp:attachment":[{"href":"https:\/\/szkolazlasu.pl\/en\/wp-json\/wp\/v2\/media?parent=17294"}],"wp:term":[{"taxonomy":"product_brand","embeddable":true,"href":"https:\/\/szkolazlasu.pl\/en\/wp-json\/wp\/v2\/product_brand?post=17294"},{"taxonomy":"product_cat","embeddable":true,"href":"https:\/\/szkolazlasu.pl\/en\/wp-json\/wp\/v2\/product_cat?post=17294"},{"taxonomy":"product_tag","embeddable":true,"href":"https:\/\/szkolazlasu.pl\/en\/wp-json\/wp\/v2\/product_tag?post=17294"}],"curies":[{"name":"wp","href":"https:\/\/api.w.org\/{rel}","templated":true}]}}