
{"id":17291,"date":"2024-03-11T22:22:05","date_gmt":"2024-03-11T22:22:05","guid":{"rendered":"https:\/\/szkolazlasu.pl\/produkt\/normalnie-szok\/"},"modified":"2024-05-08T05:41:15","modified_gmt":"2024-05-08T05:41:15","slug":"normalnie-szok","status":"publish","type":"product","link":"https:\/\/szkolazlasu.pl\/en\/produkt\/normalnie-szok\/","title":{"rendered":"Normalnie szok!"},"content":{"rendered":"<h3 class=\"\">Normalnie szok! \u2013 2002<\/h3>\n<p class=\"\"><i class=\"\">music: Joszko Broda, Debora Broda; lyrics: Debora Broda;<\/i><span class=\"\"> <\/span><\/p>\n<p class=\"\">On the album, in addition to the children and Joszek, we will hear well-known vocalists: Kayah, who sings about black sheep going astray, Darek Malejonek&#8217;s vocal in the optimistic song &#8220;Who will help?&#8221;, Antonina Krzyszto\u0144&#8217;s poignant voice in &#8220;What have you done&#8221;. There were outstanding instrumentalists such as Marcin Pospieszalski, Piotr P\u0142echa, Janusz &#8220;Yanina&#8221; Iwa\u0144ski, Marcin Majerczyk, Piotr &#8220;Stopa&#8221; \u017by\u017celewicz, highlanders from Poland and Slovakia. The album delights by combining Joszek&#8217;s ethnic instrumentation with the sound of guitar, violin, accordion, bass and double bass, Hungarian dulcimer. This consonance gives the whole a unique folk character. The visualisation of the wonderful music and the important content are filmed (<a class=\"\" href=\"http:\/\/m.in\">among others.<\/a> w Beskidzie \u015al\u0105skim \u2013 rodzinnych stronach Joszka) trzy teledyski w re\u017cyserii Adama Sikory: \u201eNiebo\u201d, \u201eStworzenie\u201d (znajduj\u0105 si\u0119 na kr\u0105\u017cku \u201eNormalnie szok!\u201d) oraz \u201ePe\u0142na chata\u201d.<\/p>\n","protected":false},"excerpt":{"rendered":"<p class=\"\">Children with Beards&#8217; debut album contains sixteen songs that were written during the band&#8217;s presence on the children&#8217;s TV show Ziarno. All the songs touch on the essence of Christian joy, hope and love. They are aimed at children of all ages &#8211; those with simple lyrics and a catchy melody appeal to toddlers, while others carry a message that older children can read.<\/p>\n","protected":false},"featured_media":17673,"comment_status":"closed","ping_status":"closed","template":"","meta":{"_acf_changed":false},"product_brand":[],"product_cat":[101,102],"product_tag":[],"class_list":{"0":"post-17291","1":"product","2":"type-product","3":"status-publish","4":"has-post-thumbnail","6":"product_cat-digital-products","7":"product_cat-mp3-records","9":"first","10":"instock","11":"taxable","12":"shipping-taxable","13":"purchasable","14":"product-type-variable","15":"has-default-attributes"},"acf":[],"_links":{"self":[{"href":"https:\/\/szkolazlasu.pl\/en\/wp-json\/wp\/v2\/product\/17291","targetHints":{"allow":["GET"]}}],"collection":[{"href":"https:\/\/szkolazlasu.pl\/en\/wp-json\/wp\/v2\/product"}],"about":[{"href":"https:\/\/szkolazlasu.pl\/en\/wp-json\/wp\/v2\/types\/product"}],"replies":[{"embeddable":true,"href":"https:\/\/szkolazlasu.pl\/en\/wp-json\/wp\/v2\/comments?post=17291"}],"wp:featuredmedia":[{"embeddable":true,"href":"https:\/\/szkolazlasu.pl\/en\/wp-json\/wp\/v2\/media\/17673"}],"wp:attachment":[{"href":"https:\/\/szkolazlasu.pl\/en\/wp-json\/wp\/v2\/media?parent=17291"}],"wp:term":[{"taxonomy":"product_brand","embeddable":true,"href":"https:\/\/szkolazlasu.pl\/en\/wp-json\/wp\/v2\/product_brand?post=17291"},{"taxonomy":"product_cat","embeddable":true,"href":"https:\/\/szkolazlasu.pl\/en\/wp-json\/wp\/v2\/product_cat?post=17291"},{"taxonomy":"product_tag","embeddable":true,"href":"https:\/\/szkolazlasu.pl\/en\/wp-json\/wp\/v2\/product_tag?post=17291"}],"curies":[{"name":"wp","href":"https:\/\/api.w.org\/{rel}","templated":true}]}}