
{"id":17365,"date":"2024-03-12T10:52:25","date_gmt":"2024-03-12T10:52:25","guid":{"rendered":"https:\/\/szkolazlasu.pl\/cart\/"},"modified":"2024-03-12T11:39:26","modified_gmt":"2024-03-12T11:39:26","slug":"cart","status":"publish","type":"page","link":"https:\/\/szkolazlasu.pl\/en\/cart\/","title":{"rendered":"Cart"},"content":{"rendered":"\n<div data-block-name=\"woocommerce\/cart\" class=\"wp-block-woocommerce-cart alignwide is-loading\">\n<div data-block-name=\"woocommerce\/filled-cart-block\" class=\"wp-block-woocommerce-filled-cart-block\">\n<div data-block-name=\"woocommerce\/cart-items-block\" class=\"wp-block-woocommerce-cart-items-block\">\n<div data-block-name=\"woocommerce\/cart-line-items-block\" class=\"wp-block-woocommerce-cart-line-items-block\"><\/div>\n\n\n\n<div data-block-name=\"woocommerce\/cart-cross-sells-block\" class=\"wp-block-woocommerce-cart-cross-sells-block\">\n<h2 class=\"wp-block-heading has-large-font-size\">See other equally interesting&#8230;<\/h2>\n\n\n\n<div data-block-name=\"woocommerce\/cart-cross-sells-products-block\" class=\"wp-block-woocommerce-cart-cross-sells-products-block\"><\/div>\n<\/div>\n<\/div>\n\n\n\n<div data-block-name=\"woocommerce\/cart-totals-block\" class=\"wp-block-woocommerce-cart-totals-block\">\n<div data-block-name=\"woocommerce\/cart-order-summary-block\" class=\"wp-block-woocommerce-cart-order-summary-block\">\n<div data-block-name=\"woocommerce\/cart-order-summary-heading-block\" class=\"wp-block-woocommerce-cart-order-summary-heading-block\"><\/div><div data-block-name=\"woocommerce\/cart-order-summary-coupon-form-block\" class=\"wp-block-woocommerce-cart-order-summary-coupon-form-block\"><\/div><div data-block-name=\"woocommerce\/cart-order-summary-totals-block\" class=\"wp-block-woocommerce-cart-order-summary-totals-block\">\n<div data-block-name=\"woocommerce\/cart-order-summary-subtotal-block\" class=\"wp-block-woocommerce-cart-order-summary-subtotal-block\"><\/div>\n<div data-block-name=\"woocommerce\/cart-order-summary-discount-block\" class=\"wp-block-woocommerce-cart-order-summary-discount-block\"><\/div>\n<div data-block-name=\"woocommerce\/cart-order-summary-fee-block\" class=\"wp-block-woocommerce-cart-order-summary-fee-block\"><\/div>\n<div data-block-name=\"woocommerce\/cart-order-summary-shipping-block\" class=\"wp-block-woocommerce-cart-order-summary-shipping-block\"><\/div>\n<div data-block-name=\"woocommerce\/cart-order-summary-taxes-block\" class=\"wp-block-woocommerce-cart-order-summary-taxes-block\"><\/div><\/div>\n<\/div>\n\n\n\n<div data-block-name=\"woocommerce\/cart-express-payment-block\" class=\"wp-block-woocommerce-cart-express-payment-block\"><\/div>\n\n\n\n<div data-block-name=\"woocommerce\/proceed-to-checkout-block\" class=\"wp-block-woocommerce-proceed-to-checkout-block\"><\/div>\n\n\n\n<div data-block-name=\"woocommerce\/cart-accepted-payment-methods-block\" class=\"wp-block-woocommerce-cart-accepted-payment-methods-block\"><\/div>\n<\/div>\n<\/div>\n\n\n\n<div data-block-name=\"woocommerce\/empty-cart-block\" class=\"wp-block-woocommerce-empty-cart-block\">\n<h2 class=\"wp-block-heading has-text-align-center with-empty-cart-icon wc-block-cart__empty-cart__title\">Your shopping basket is currently empty!<\/h2>\n\n\n\n<hr class=\"wp-block-separator has-alpha-channel-opacity is-style-dots\"\/>\n\n\n\n<h2 class=\"wp-block-heading has-text-align-center\">New in shop<\/h2>\n\n\n<div data-block-name=\"woocommerce\/product-new\" data-columns=\"4\" data-rows=\"1\" class=\"wc-block-grid wp-block-product-new wp-block-woocommerce-product-new wc-block-product-new has-4-columns\"><ul class=\"wc-block-grid__products\"><li class=\"wc-block-grid__product\">\n\t\t\t\t<a href=\"https:\/\/szkolazlasu.pl\/en\/produkt\/normalnie-szok-kopia\/\" class=\"wc-block-grid__product-link\">\n\t\t\t\t\t\n\t\t\t\t\t<div class=\"wc-block-grid__product-image\"><img fetchpriority=\"high\" decoding=\"async\" width=\"600\" height=\"600\" src=\"https:\/\/szkolazlasu.pl\/wp-content\/uploads\/2024\/03\/9.png\" class=\"attachment-woocommerce_thumbnail size-woocommerce_thumbnail\" alt=\"normalnie-szok-ok\u0142adka\" srcset=\"https:\/\/szkolazlasu.pl\/wp-content\/uploads\/2024\/03\/9.png 600w, https:\/\/szkolazlasu.pl\/wp-content\/uploads\/2024\/03\/9-150x150.png 150w, https:\/\/szkolazlasu.pl\/wp-content\/uploads\/2024\/03\/9-300x300.png 300w, https:\/\/szkolazlasu.pl\/wp-content\/uploads\/2024\/03\/9-140x140.png 140w, https:\/\/szkolazlasu.pl\/wp-content\/uploads\/2024\/03\/9-100x100.png 100w, https:\/\/szkolazlasu.pl\/wp-content\/uploads\/2024\/03\/9-500x500.png 500w, https:\/\/szkolazlasu.pl\/wp-content\/uploads\/2024\/03\/9-350x350.png 350w\" sizes=\"(max-width: 600px) 100vw, 600px\" \/><\/div>\n\t\t\t\t\t<div class=\"wc-block-grid__product-title\">Normalnie szok! (Kopia)<\/div>\n\t\t\t\t<\/a>\n\t\t\t\t<div class=\"wc-block-grid__product-price price\"><span class=\"woocommerce-Price-amount amount\">89,00<span class=\"woocommerce-Price-currencySymbol\">&#122;&#322;<\/span><\/span><\/div>\n\t\t\t\t\n\t\t\t\t<div class=\"wp-block-button wc-block-grid__product-add-to-cart\"><a href=\"https:\/\/szkolazlasu.pl\/en\/produkt\/normalnie-szok-kopia\/\" aria-label=\"Select options for &ldquo;Normalnie szok! (Kopia)&rdquo;\" data-quantity=\"1\" data-product_id=\"17904\" data-product_sku=\"\" data-price=\"89\" rel=\"nofollow\" class=\"wp-block-button__link  add_to_cart_button\">Select options<\/a><\/div>\n\t\t\t<\/li><li class=\"wc-block-grid__product\">\n\t\t\t\t<a href=\"https:\/\/szkolazlasu.pl\/en\/produkt\/listen-to-the-camaraderie-joszko-broda-kopia\/\" class=\"wc-block-grid__product-link\">\n\t\t\t\t\t\n\t\t\t\t\t<div class=\"wc-block-grid__product-image\"><img decoding=\"async\" width=\"600\" height=\"600\" src=\"https:\/\/szkolazlasu.pl\/wp-content\/uploads\/2024\/03\/8.png\" class=\"attachment-woocommerce_thumbnail size-woocommerce_thumbnail\" alt=\"pos\u0142\u00f3chejcie-kamaradzi-ok\u0142adka\" srcset=\"https:\/\/szkolazlasu.pl\/wp-content\/uploads\/2024\/03\/8.png 600w, https:\/\/szkolazlasu.pl\/wp-content\/uploads\/2024\/03\/8-150x150.png 150w, https:\/\/szkolazlasu.pl\/wp-content\/uploads\/2024\/03\/8-300x300.png 300w, https:\/\/szkolazlasu.pl\/wp-content\/uploads\/2024\/03\/8-140x140.png 140w, https:\/\/szkolazlasu.pl\/wp-content\/uploads\/2024\/03\/8-100x100.png 100w, https:\/\/szkolazlasu.pl\/wp-content\/uploads\/2024\/03\/8-500x500.png 500w, https:\/\/szkolazlasu.pl\/wp-content\/uploads\/2024\/03\/8-350x350.png 350w\" sizes=\"(max-width: 600px) 100vw, 600px\" \/><\/div>\n\t\t\t\t\t<div class=\"wc-block-grid__product-title\">Listen to the Camaraderie &#8211; Joszko Broda (Kopia)<\/div>\n\t\t\t\t<\/a>\n\t\t\t\t<div class=\"wc-block-grid__product-price price\"><span class=\"woocommerce-Price-amount amount\">149,00<span class=\"woocommerce-Price-currencySymbol\">&#122;&#322;<\/span><\/span><\/div>\n\t\t\t\t\n\t\t\t\t<div class=\"wp-block-button wc-block-grid__product-add-to-cart\"><a href=\"https:\/\/szkolazlasu.pl\/en\/produkt\/listen-to-the-camaraderie-joszko-broda-kopia\/\" aria-label=\"Select options for &ldquo;Listen to the Camaraderie - Joszko Broda (Kopia)&rdquo;\" data-quantity=\"1\" data-product_id=\"17885\" data-product_sku=\"\" data-price=\"149\" rel=\"nofollow\" class=\"wp-block-button__link  add_to_cart_button\">Select options<\/a><\/div>\n\t\t\t<\/li><li class=\"wc-block-grid__product\">\n\t\t\t\t<a href=\"https:\/\/szkolazlasu.pl\/en\/produkt\/na-dunaj-koledy-ze-wschodu-kopia\/\" class=\"wc-block-grid__product-link\">\n\t\t\t\t\t\n\t\t\t\t\t<div class=\"wc-block-grid__product-image\"><img decoding=\"async\" width=\"600\" height=\"600\" src=\"https:\/\/szkolazlasu.pl\/wp-content\/uploads\/2024\/03\/7.png\" class=\"attachment-woocommerce_thumbnail size-woocommerce_thumbnail\" alt=\"na-dunaj-ok\u0142adka\" srcset=\"https:\/\/szkolazlasu.pl\/wp-content\/uploads\/2024\/03\/7.png 600w, https:\/\/szkolazlasu.pl\/wp-content\/uploads\/2024\/03\/7-150x150.png 150w, https:\/\/szkolazlasu.pl\/wp-content\/uploads\/2024\/03\/7-300x300.png 300w, https:\/\/szkolazlasu.pl\/wp-content\/uploads\/2024\/03\/7-140x140.png 140w, https:\/\/szkolazlasu.pl\/wp-content\/uploads\/2024\/03\/7-100x100.png 100w, https:\/\/szkolazlasu.pl\/wp-content\/uploads\/2024\/03\/7-500x500.png 500w, https:\/\/szkolazlasu.pl\/wp-content\/uploads\/2024\/03\/7-350x350.png 350w\" sizes=\"(max-width: 600px) 100vw, 600px\" \/><\/div>\n\t\t\t\t\t<div class=\"wc-block-grid__product-title\">Na Dunaj Kol\u0119dy ze Wschodu (Kopia)<\/div>\n\t\t\t\t<\/a>\n\t\t\t\t<div class=\"wc-block-grid__product-price price\"><span class=\"woocommerce-Price-amount amount\">89,00<span class=\"woocommerce-Price-currencySymbol\">&#122;&#322;<\/span><\/span><\/div>\n\t\t\t\t\n\t\t\t\t<div class=\"wp-block-button wc-block-grid__product-add-to-cart\"><a href=\"https:\/\/szkolazlasu.pl\/en\/produkt\/na-dunaj-koledy-ze-wschodu-kopia\/\" aria-label=\"Select options for &ldquo;Na Dunaj Kol\u0119dy ze Wschodu (Kopia)&rdquo;\" data-quantity=\"1\" data-product_id=\"17865\" data-product_sku=\"\" data-price=\"89\" rel=\"nofollow\" class=\"wp-block-button__link  add_to_cart_button\">Select options<\/a><\/div>\n\t\t\t<\/li><li class=\"wc-block-grid__product\">\n\t\t\t\t<a href=\"https:\/\/szkolazlasu.pl\/en\/produkt\/czlowiek-z-lasu-kopia\/\" class=\"wc-block-grid__product-link\">\n\t\t\t\t\t\n\t\t\t\t\t<div class=\"wc-block-grid__product-image\"><img loading=\"lazy\" decoding=\"async\" width=\"600\" height=\"600\" src=\"https:\/\/szkolazlasu.pl\/wp-content\/uploads\/2024\/03\/1.png\" class=\"attachment-woocommerce_thumbnail size-woocommerce_thumbnail\" alt=\"cz\u0142owiek-z-lasu-ok\u0142adka\" srcset=\"https:\/\/szkolazlasu.pl\/wp-content\/uploads\/2024\/03\/1.png 600w, https:\/\/szkolazlasu.pl\/wp-content\/uploads\/2024\/03\/1-150x150.png 150w, https:\/\/szkolazlasu.pl\/wp-content\/uploads\/2024\/03\/1-300x300.png 300w, https:\/\/szkolazlasu.pl\/wp-content\/uploads\/2024\/03\/1-140x140.png 140w, https:\/\/szkolazlasu.pl\/wp-content\/uploads\/2024\/03\/1-100x100.png 100w, https:\/\/szkolazlasu.pl\/wp-content\/uploads\/2024\/03\/1-500x500.png 500w, https:\/\/szkolazlasu.pl\/wp-content\/uploads\/2024\/03\/1-350x350.png 350w\" sizes=\"(max-width: 600px) 100vw, 600px\" \/><\/div>\n\t\t\t\t\t<div class=\"wc-block-grid__product-title\">Cz\u0142owiek z lasu (Kopia)<\/div>\n\t\t\t\t<\/a>\n\t\t\t\t<div class=\"wc-block-grid__product-price price\"><span class=\"woocommerce-Price-amount amount\">89,00<span class=\"woocommerce-Price-currencySymbol\">&#122;&#322;<\/span><\/span><\/div>\n\t\t\t\t\n\t\t\t\t<div class=\"wp-block-button wc-block-grid__product-add-to-cart\"><a href=\"https:\/\/szkolazlasu.pl\/en\/produkt\/czlowiek-z-lasu-kopia\/\" aria-label=\"Select options for &ldquo;Cz\u0142owiek z lasu (Kopia)&rdquo;\" data-quantity=\"1\" data-product_id=\"17844\" data-product_sku=\"\" data-price=\"89\" rel=\"nofollow\" class=\"wp-block-button__link  add_to_cart_button\">Select options<\/a><\/div>\n\t\t\t<\/li><\/ul><\/div><\/div>\n<\/div>\n","protected":false},"excerpt":{"rendered":"See other equally interesting... Your shopping basket is currently empty! New in shop","protected":false},"author":1,"featured_media":0,"parent":0,"menu_order":0,"comment_status":"closed","ping_status":"closed","template":"","meta":{"_acf_changed":false,"footnotes":""},"class_list":["post-17365","page","type-page","status-publish"],"acf":[],"_links":{"self":[{"href":"https:\/\/szkolazlasu.pl\/en\/wp-json\/wp\/v2\/pages\/17365","targetHints":{"allow":["GET"]}}],"collection":[{"href":"https:\/\/szkolazlasu.pl\/en\/wp-json\/wp\/v2\/pages"}],"about":[{"href":"https:\/\/szkolazlasu.pl\/en\/wp-json\/wp\/v2\/types\/page"}],"author":[{"embeddable":true,"href":"https:\/\/szkolazlasu.pl\/en\/wp-json\/wp\/v2\/users\/1"}],"replies":[{"embeddable":true,"href":"https:\/\/szkolazlasu.pl\/en\/wp-json\/wp\/v2\/comments?post=17365"}],"version-history":[{"count":2,"href":"https:\/\/szkolazlasu.pl\/en\/wp-json\/wp\/v2\/pages\/17365\/revisions"}],"predecessor-version":[{"id":17411,"href":"https:\/\/szkolazlasu.pl\/en\/wp-json\/wp\/v2\/pages\/17365\/revisions\/17411"}],"wp:attachment":[{"href":"https:\/\/szkolazlasu.pl\/en\/wp-json\/wp\/v2\/media?parent=17365"}],"curies":[{"name":"wp","href":"https:\/\/api.w.org\/{rel}","templated":true}]}}